{"id":17,"date":"2015-06-07T17:58:29","date_gmt":"2015-06-07T16:58:29","guid":{"rendered":"http:\/\/secretfires.net\/mdma\/?page_id=17"},"modified":"2019-02-25T14:42:15","modified_gmt":"2019-02-25T13:42:15","slug":"bienvenue","status":"publish","type":"page","link":"http:\/\/secretfires.net\/mdma\/bienvenue\/","title":{"rendered":"Bienvenue !"},"content":{"rendered":"<p>Bienvenue sur le site web du Mouvement Del\u00e9montain pour la Musique et les Arts (en abr\u00e9g\u00e9 MDMA), association au sens des articles 60 et suivants du Code civil suisse et soci\u00e9t\u00e9 locale\u00a0de Del\u00e9mont.<\/p>\n<p>Comme nos statuts l&rsquo;indiquent en leur article 2, le MDMA a pour buts :<\/p>\n<ul>\n<li>de promouvoir toutes sortes d\u2019activit\u00e9s artistiques, en particulier musicales, mais \u00e9galement litt\u00e9raires, cin\u00e9matographiques, picturales, philosophiques ou encore th\u00e9\u00e2trales, sans que cette \u00e9num\u00e9ration ne soit restrictive ;<\/li>\n<li>d\u2019organiser des \u00e9v\u00e8nements culturels, par exemple des concerts, des expositions ou encore des d\u00e9bats ;<\/li>\n<li>de participer \u00e0 l\u2019\u00e9mulation culturelle \u00e0 Del\u00e9mont et plus largement dans le canton du Jura, d\u2019une part en favorisant l\u2019expression artistique locale, et d\u2019autre part en ouvrant ses activit\u00e9s au grand public ;<\/li>\n<li>de favoriser l\u2019\u00e9change d\u2019id\u00e9es et d\u2019opinions entre ses membres, notamment par la voie de publications \u00e9crites.<\/li>\n<\/ul>\n","protected":false},"excerpt":{"rendered":"<p>Bienvenue sur le site web du Mouvement Del\u00e9montain pour la Musique et les Arts (en abr\u00e9g\u00e9 MDMA), association au sens des articles 60 et suivants du Code civil suisse et soci\u00e9t\u00e9 locale\u00a0de Del\u00e9mont. Comme nos statuts l&rsquo;indiquent en leur article 2, le MDMA a pour buts : de promouvoir toutes sortes d\u2019activit\u00e9s artistiques, en particulier &hellip; <a href=\"http:\/\/secretfires.net\/mdma\/bienvenue\/\" class=\"more-link\">Continuer la lecture de <span class=\"screen-reader-text\">Bienvenue !<\/span><\/a><\/p>\n","protected":false},"author":1,"featured_media":108,"parent":0,"menu_order":0,"comment_status":"closed","ping_status":"closed","template":"","meta":{"footnotes":""},"class_list":["post-17","page","type-page","status-publish","has-post-thumbnail","hentry"],"_links":{"self":[{"href":"http:\/\/secretfires.net\/mdma\/wp-json\/wp\/v2\/pages\/17","targetHints":{"allow":["GET"]}}],"collection":[{"href":"http:\/\/secretfires.net\/mdma\/wp-json\/wp\/v2\/pages"}],"about":[{"href":"http:\/\/secretfires.net\/mdma\/wp-json\/wp\/v2\/types\/page"}],"author":[{"embeddable":true,"href":"http:\/\/secretfires.net\/mdma\/wp-json\/wp\/v2\/users\/1"}],"replies":[{"embeddable":true,"href":"http:\/\/secretfires.net\/mdma\/wp-json\/wp\/v2\/comments?post=17"}],"version-history":[{"count":5,"href":"http:\/\/secretfires.net\/mdma\/wp-json\/wp\/v2\/pages\/17\/revisions"}],"predecessor-version":[{"id":328,"href":"http:\/\/secretfires.net\/mdma\/wp-json\/wp\/v2\/pages\/17\/revisions\/328"}],"wp:featuredmedia":[{"embeddable":true,"href":"http:\/\/secretfires.net\/mdma\/wp-json\/wp\/v2\/media\/108"}],"wp:attachment":[{"href":"http:\/\/secretfires.net\/mdma\/wp-json\/wp\/v2\/media?parent=17"}],"curies":[{"name":"wp","href":"https:\/\/api.w.org\/{rel}","templated":true}]}}