{"id":4,"date":"2015-06-07T17:38:40","date_gmt":"2015-06-07T16:38:40","guid":{"rendered":"http:\/\/secretfires.net\/mdma\/?page_id=4"},"modified":"2018-07-14T16:44:54","modified_gmt":"2018-07-14T15:44:54","slug":"adherer-au-mdma","status":"publish","type":"page","link":"http:\/\/secretfires.net\/mdma\/adherer-au-mdma\/","title":{"rendered":"Adh\u00e9rer au MDMA"},"content":{"rendered":"<p>Pour adh\u00e9rer au Mouvement Del\u00e9montain pour la Musique et les Arts, ou mettre \u00e0 jour vos informations personnelles, vous pouvez remplir <a href=\"https:\/\/onedrive.live.com\/survey?resid=D352AFEFF2710096!105&amp;authkey=!AP50UBRyU2yc9-o\">le formulaire suivant<\/a> :<\/p>\n<p><a href=\"https:\/\/onedrive.live.com\/survey?resid=D352AFEFF2710096!105&amp;authkey=!AP50UBRyU2yc9-o\">https:\/\/onedrive.live.com\/survey?resid=D352AFEFF2710096!105&amp;authkey=!AP50UBRyU2yc9-o<\/a><\/p>\n<p>Nos statuts fixent le montant de la cotisation annuelle \u00e0 un prix libre, ce qui signifie que vous \u00eates libres de payer le montant que vous d\u00e9sirez, en fonction de vos moyens et de votre appr\u00e9ciation personnelle.<\/p>\n<p>Si vous d\u00e9sirez faire partie de notre Comit\u00e9 central, nous vous invitons \u00e0 <a href=\"http:\/\/secretfires.net\/mdma\/nous-contacter\/\">nous contacter<\/a>.<\/p>\n<p>&nbsp;<\/p>\n","protected":false},"excerpt":{"rendered":"<p>Pour adh\u00e9rer au Mouvement Del\u00e9montain pour la Musique et les Arts, ou mettre \u00e0 jour vos informations personnelles, vous pouvez remplir le formulaire suivant : https:\/\/onedrive.live.com\/survey?resid=D352AFEFF2710096!105&amp;authkey=!AP50UBRyU2yc9-o Nos statuts fixent le montant de la cotisation annuelle \u00e0 un prix libre, ce qui signifie que vous \u00eates libres de payer le montant que vous d\u00e9sirez, en fonction &hellip; <a href=\"http:\/\/secretfires.net\/mdma\/adherer-au-mdma\/\" class=\"more-link\">Continuer la lecture de <span class=\"screen-reader-text\">Adh\u00e9rer au MDMA<\/span><\/a><\/p>\n","protected":false},"author":1,"featured_media":0,"parent":0,"menu_order":0,"comment_status":"closed","ping_status":"closed","template":"","meta":{"footnotes":""},"class_list":["post-4","page","type-page","status-publish","hentry"],"_links":{"self":[{"href":"http:\/\/secretfires.net\/mdma\/wp-json\/wp\/v2\/pages\/4","targetHints":{"allow":["GET"]}}],"collection":[{"href":"http:\/\/secretfires.net\/mdma\/wp-json\/wp\/v2\/pages"}],"about":[{"href":"http:\/\/secretfires.net\/mdma\/wp-json\/wp\/v2\/types\/page"}],"author":[{"embeddable":true,"href":"http:\/\/secretfires.net\/mdma\/wp-json\/wp\/v2\/users\/1"}],"replies":[{"embeddable":true,"href":"http:\/\/secretfires.net\/mdma\/wp-json\/wp\/v2\/comments?post=4"}],"version-history":[{"count":3,"href":"http:\/\/secretfires.net\/mdma\/wp-json\/wp\/v2\/pages\/4\/revisions"}],"predecessor-version":[{"id":284,"href":"http:\/\/secretfires.net\/mdma\/wp-json\/wp\/v2\/pages\/4\/revisions\/284"}],"wp:attachment":[{"href":"http:\/\/secretfires.net\/mdma\/wp-json\/wp\/v2\/media?parent=4"}],"curies":[{"name":"wp","href":"https:\/\/api.w.org\/{rel}","templated":true}]}}