{"id":62,"date":"2018-02-21T03:46:53","date_gmt":"2018-02-21T02:46:53","guid":{"rendered":"http:\/\/secretfires.net\/magazine\/?page_id=62"},"modified":"2021-03-15T22:01:07","modified_gmt":"2021-03-15T21:01:07","slug":"a-propos","status":"publish","type":"page","link":"https:\/\/secretfires.net\/magazine\/a-propos\/","title":{"rendered":"\u00c0 propos de Secret Fires Magazine"},"content":{"rendered":"<p>Secret Fires Magazine, en abr\u00e9g\u00e9 SFM, est un blog et projet de magazine qui s\u2019int\u00e9resse aux\u00a0\u00ab feux secrets \u00bb qui nous animent et qui nous poussent \u00e0 nous lancer dans une entreprise, \u00e0 faire l\u2019\u00e9loge d\u2019un artiste, \u00e0 partager une exp\u00e9rience singuli\u00e8re, une pens\u00e9e ou un rapport au monde.<\/p>\n<p>En une phrase, on peut dire que SFM cherche \u00e0 traiter de sujets originaux de mani\u00e8re conventionnelle, et de sujets conventionnels de mani\u00e8re originale.<\/p>\n<p>SFM n&rsquo;a pas pour objectif d&rsquo;\u00eatre \u00e9litiste, mais nous n&rsquo;avons pas pour autant l&rsquo;intention de vulgariser les sujets \u00e0 outrance. Nous consid\u00e9rons que les articles doivent \u00eatre compr\u00e9hensibles pour chaque personne, m\u00eame \u00e9trang\u00e8re au domaine trait\u00e9, sous r\u00e9serve qu\u2019elle fasse l&rsquo;effort sinc\u00e8re de s&rsquo;y int\u00e9resser.<\/p>\n<p>SFM se qualifie comme \u00ab underground \u00bb, terme utilis\u00e9 afin d&rsquo;\u00e9viter deux \u00e9cueils : d&rsquo;un c\u00f4t\u00e9 celui des m\u00e9dias \u00ab mainstream \u00bb qui traitent trop souvent les sujets que d&rsquo;une mani\u00e8re superficielle voire vulgaire ; de l&rsquo;autre celui des courants \u00ab alternatifs \u00bb qui finissent trop souvent : soit par produire un contenu volontairement \u00ab d\u00e9cal\u00e9 \u00bb et ironique, finalement tout aussi superficiel ; soit \u00e0 s&rsquo;engager dans une direction politique tr\u00e8s pr\u00e9cise, quitte \u00e0 s&rsquo;enliser dans de nouveaux lieux communs. SFM, pour sa part, fait le choix de faire confiance au respect et \u00e0 l&rsquo;int\u00e9r\u00eat mutuel, au flair de ses contributeurs, ainsi qu&rsquo;\u00e0 la probit\u00e9 de chacun.<\/p>\n<p>Les aventures en tous genres sont hautement encourag\u00e9es, qu&rsquo;elles prennent la forme de rencontres, d&rsquo;enqu\u00eates ou encore de dossiers sp\u00e9ciaux.<\/p>\n<p>Quelques couples de mots pour quelque peu colorer le spectre de la vision \u00e9ditoriale : cr\u00eates et for\u00eats, routes et voies ferr\u00e9es, Zone et terrains vagues, ballast et terrils, \u00e9glises et industrie. Egalement nuit et aube, \u00e9t\u00e9 et hiver, guitare et synth\u00e9tiseur, voix et silence, femmes et hommes, animaux et plantes, enfants et vieillards, logique et argumentation, scepticisme et m\u00e9thode, Dieu et blasph\u00e8me.<\/p>\n<p>Notre phrase en exergue \u00ab\u00a0<em>Remember when we used to ride underneath the power lines<\/em>\u00a0\u00bb provient de la chanson Secret Fires du Gun Club (paroles de Jeffrey Lee Pierce).<\/p>\n<h2>Vision \u00e0 long-terme<\/h2>\n<p>Pour l\u2019instant, SFM n\u2019est qu\u2019un modeste blog, et cela n&rsquo;est pas pr\u00e8s de changer.<\/p>\n<p>Tout aussi inatteignable qu\u2019il puisse \u00eatre, le but ultime de SFM, ou disons plut\u00f4t l\u2019objectif vers lequel il tend, est de susciter une \u00e9mulation culturelle et intellectuelle d\u00e9passant les clivages et l&rsquo;h\u00e9g\u00e9monie des \u00ab nouveaux bien-pensants \u00bb pour aboutir \u00e0 la cr\u00e9ation d&rsquo;un r\u00e9seau underground de contributeurs qui revendiquent leur propre pens\u00e9e, leur propre d\u00e9marche et qui, pour paraphraser l&rsquo;\u00e9crivain am\u00e9ricain Jack Kerouac, \u00ab cherchent de quoi \u00bb (cf. <a href=\"https:\/\/www.youtube.com\/watch?v=-r2aOSoRsoE\">interview de Jack Kerouac sur Radio Canada en 1967<\/a>).<\/p>\n<p>Continuant sur cette lanc\u00e9e, nous ne pouvons nous emp\u00eacher de citer cette phrase magnifique &#8211; bien que galvaud\u00e9e &#8211; du m\u00eame Jack Kerouac :<\/p>\n<p><em>\u201c[&#8230;] the only people for me are the mad ones, the ones who are mad to live, mad to talk, mad to be saved, desirous of everything at the same time, the ones who never yawn or say a commonplace thing, but burn, burn, burn like fabulous yellow roman candles exploding like spiders across the stars and in the middle you see the blue centerlight pop and everybody goes &lsquo;Awww!&rsquo; \u201d<\/em><br \/>\n(Kerouac, Jack.\u00a0<em>On the Road: The Original Scroll<\/em>. London: Penguin Classics, 2008.)<\/p>\n<p>Traduction libre :\u00a0<em>\u00ab [&#8230;] les seuls gens qui comptent \u00e0 mes yeux sont les fous, ceux qui sont fous de vivre, fous de parler, fous d&rsquo;\u00eatre sauv\u00e9s, ceux qui veulent tout en m\u00eame temps, qui jamais ne b\u00e2illent ni ne sortent un lieu commun, mais br\u00fblent, br\u00fblent, br\u00fblent comment ces fabuleux feux d&rsquo;artifice qui explosent telles des araign\u00e9es parmi les \u00e9toiles et au milieu vous voyez cette lumi\u00e8re bleue qui fait paf et tout le monde qui crie &lsquo;Oooh !&rsquo; \u00bb<\/em><\/p>\n<p>-Freddy Van Ballast<\/p>\n","protected":false},"excerpt":{"rendered":"<p>Secret Fires Magazine, en abr\u00e9g\u00e9 SFM, est un blog et projet de magazine qui s\u2019int\u00e9resse aux\u00a0\u00ab feux secrets \u00bb qui nous animent et qui nous poussent \u00e0 nous lancer dans une entreprise, \u00e0 faire l\u2019\u00e9loge d\u2019un artiste, \u00e0 partager une exp\u00e9rience singuli\u00e8re, une pens\u00e9e ou un rapport au monde. En<span class=\"more-link\"><a href=\"https:\/\/secretfires.net\/magazine\/a-propos\/\">Continue Reading<\/a><\/span><\/p>\n","protected":false},"author":1,"featured_media":354,"parent":0,"menu_order":0,"comment_status":"closed","ping_status":"closed","template":"","meta":{"_locale":"fr_FR","_original_post":"http:\/\/secretfires.net\/magazine\/?page_id=62","footnotes":""},"class_list":["entry","author-pete","post-62","page","type-page","status-publish","has-post-thumbnail","fr-FR"],"_links":{"self":[{"href":"https:\/\/secretfires.net\/magazine\/wp-json\/wp\/v2\/pages\/62","targetHints":{"allow":["GET"]}}],"collection":[{"href":"https:\/\/secretfires.net\/magazine\/wp-json\/wp\/v2\/pages"}],"about":[{"href":"https:\/\/secretfires.net\/magazine\/wp-json\/wp\/v2\/types\/page"}],"author":[{"embeddable":true,"href":"https:\/\/secretfires.net\/magazine\/wp-json\/wp\/v2\/users\/1"}],"replies":[{"embeddable":true,"href":"https:\/\/secretfires.net\/magazine\/wp-json\/wp\/v2\/comments?post=62"}],"version-history":[{"count":22,"href":"https:\/\/secretfires.net\/magazine\/wp-json\/wp\/v2\/pages\/62\/revisions"}],"predecessor-version":[{"id":355,"href":"https:\/\/secretfires.net\/magazine\/wp-json\/wp\/v2\/pages\/62\/revisions\/355"}],"wp:featuredmedia":[{"embeddable":true,"href":"https:\/\/secretfires.net\/magazine\/wp-json\/wp\/v2\/media\/354"}],"wp:attachment":[{"href":"https:\/\/secretfires.net\/magazine\/wp-json\/wp\/v2\/media?parent=62"}],"curies":[{"name":"wp","href":"https:\/\/api.w.org\/{rel}","templated":true}]}}